{"id":1538,"date":"2016-02-10T01:05:15","date_gmt":"2016-02-10T00:05:15","guid":{"rendered":"http:\/\/www.ambisist.cat\/es\/serveis\/"},"modified":"2021-06-16T13:42:48","modified_gmt":"2021-06-16T11:42:48","slug":"servicios","status":"publish","type":"page","link":"https:\/\/www.ambisist.cat\/es\/servicios\/","title":{"rendered":"Servicios"},"content":{"rendered":"<div class=\"fusion-fullwidth fullwidth-box fusion-fullwidth-1  fusion-parallax-none nonhundred-percent-fullwidth\" style=\"border-color:#eae9e9;border-bottom-width: 0px;border-top-width: 0px;border-bottom-style: solid;border-top-style: solid;padding-bottom:0px;padding-top:10px;padding-left:;padding-right:;\"><style type=\"text\/css\" scoped=\"scoped\">.fusion-fullwidth-1 {\n                            padding-left: px !important;\n                            padding-right: px !important;\n                        }<\/style><div class=\"fusion-row\"><div class=\"fusion-title title fusion-title-size-two\" style=\"margin-top:0px;margin-bottom:0px;\"><h2 class=\"title-heading-left\">Nuestros servicios<\/h2><div class=\"title-sep-container\"><div class=\"title-sep sep-double\" style=\"border-color:#e5e5e5;\"><\/div><\/div><\/div><div class=\"fusion-one-sixth fusion-layout-column fusion-spacing-yes\" style=\"margin-top:0px;margin-bottom:20px;\"><div class=\"fusion-column-wrapper\"><div class=\"imageframe-align-center\"><span class=\"fusion-imageframe imageframe-none imageframe-1 hover-type-none\"> <img decoding=\"async\" src=\"http:\/\/ambisist.cat\/wp-content\/uploads\/2016\/02\/iccss-02.png\" alt=\"\" class=\"img-responsive\"\/><\/span><\/div><div class=\"fusion-clearfix\"><\/div><\/div><\/div><div class=\"fusion-one-third fusion-layout-column fusion-spacing-yes\" style=\"margin-top:0px;margin-bottom:20px;\"><div class=\"fusion-column-wrapper\" style=\"padding:10px 20px 0px 0px;\"><div style=\"text-align: left; font-size: 16px;\">Disponemos de un <strong>cat\u00e1logo de m\u00e1s de 3000 referencias<\/strong> para ofrecer todas las soluciones en limpieza, con los productos y m\u00e1quinas que mejor se adapten a las necesidades de nuestros clientes. Ofrecemos una atenci\u00f3n personalizada\u00a0y un servicio profesional a la altura de cada uno de nuestros clientes.<\/div>\n<div><em>En esta web s\u00f3lo hay publicada una parte de las referencias que Ambisist comercializa, en caso de no encontrar el producto deseado consultenos sin ning\u00fan compromiso a info@ambisist.com o llamando al 972 245 454<\/em><\/div>\n<div class=\"fusion-clearfix\"><\/div><\/div><\/div><div class=\"fusion-one-sixth fusion-layout-column fusion-spacing-yes\" style=\"margin-top:0px;margin-bottom:20px;\"><div class=\"fusion-column-wrapper\"><div class=\"imageframe-align-center\"><span class=\"fusion-imageframe imageframe-none imageframe-2 hover-type-none\"> <img decoding=\"async\" src=\"http:\/\/ambisist.cat\/wp-content\/uploads\/2016\/02\/iccss-01.png\" alt=\"\" class=\"img-responsive\"\/><\/span><\/div><div class=\"fusion-clearfix\"><\/div><\/div><\/div><div class=\"fusion-one-third fusion-layout-column fusion-column-last fusion-spacing-yes\" style=\"margin-top:0px;margin-bottom:20px;\"><div class=\"fusion-column-wrapper\" style=\"padding:40px 0px 0px 0px;\"><div style=\"text-align: left; font-size: 16px;\"><strong>Entrega de mercanc\u00edas en menos de 48 horas<\/strong> a lo largo de las comarcas de Girona y Barcelona.<\/div>\n<div class=\"fusion-clearfix\"><\/div><\/div><\/div><div class=\"fusion-clearfix\"><\/div><div class=\"fusion-one-sixth fusion-layout-column fusion-spacing-yes\" style=\"margin-top:0px;margin-bottom:20px;\"><div class=\"fusion-column-wrapper\"><div class=\"imageframe-align-center\"><span class=\"fusion-imageframe imageframe-none imageframe-3 hover-type-none\"> <img decoding=\"async\" src=\"http:\/\/ambisist.cat\/wp-content\/uploads\/2016\/02\/iccss-07.png\" alt=\"\" class=\"img-responsive\"\/><\/span><\/div><div class=\"fusion-clearfix\"><\/div><\/div><\/div><div class=\"fusion-one-third fusion-layout-column fusion-spacing-yes\" style=\"margin-top:0px;margin-bottom:20px;\"><div class=\"fusion-column-wrapper\" style=\"padding:40px 20px 0px 0px;\"><div style=\"text-align: left; font-size: 16px;\"><strong>Planes de Limpieza personalizados<\/strong>\u00a0en funci\u00f3n de las normativas vigentes en Salud e Higiene.<\/div>\n<div class=\"fusion-clearfix\"><\/div><\/div><\/div><div class=\"fusion-one-sixth fusion-layout-column fusion-spacing-yes\" style=\"margin-top:0px;margin-bottom:20px;\"><div class=\"fusion-column-wrapper\"><div class=\"imageframe-align-center\"><span class=\"fusion-imageframe imageframe-none imageframe-4 hover-type-none\"> <img decoding=\"async\" src=\"http:\/\/ambisist.cat\/wp-content\/uploads\/2016\/02\/iccss-03.png\" alt=\"\" class=\"img-responsive\"\/><\/span><\/div><div class=\"fusion-clearfix\"><\/div><\/div><\/div><div class=\"fusion-one-third fusion-layout-column fusion-column-last fusion-spacing-yes\" style=\"margin-top:0px;margin-bottom:20px;\"><div class=\"fusion-column-wrapper\" style=\"padding:15px 20px 0px 0px;\"><div style=\"text-align: left; font-size: 16px;\"><strong>Alquiler de maquinaria de limpieza<\/strong>: aspiradores, fregadoras, m\u00e1quinas de agua a presi\u00f3n, limpieza de moquetas, etc. para d\u00edas, semanas, etc.<\/div>\n<div style=\"text-align: left; font-size: 16px;\"><strong>Ambi-Rent<\/strong>: alquiler a largo plazo de todo tipo de maquinaria de limpieza. (\u201cRenting Flexible\u201d).<\/div>\n<div class=\"fusion-clearfix\"><\/div><\/div><\/div><div class=\"fusion-clearfix\"><\/div><div class=\"fusion-one-sixth fusion-layout-column fusion-spacing-yes\" style=\"margin-top:0px;margin-bottom:20px;\"><div class=\"fusion-column-wrapper\"><div class=\"imageframe-align-center\"><span class=\"fusion-imageframe imageframe-none imageframe-5 hover-type-none\"> <img decoding=\"async\" src=\"http:\/\/ambisist.cat\/wp-content\/uploads\/2016\/02\/iccss-06.png\" alt=\"\" class=\"img-responsive\"\/><\/span><\/div><div class=\"fusion-clearfix\"><\/div><\/div><\/div><div class=\"fusion-one-third fusion-layout-column fusion-spacing-yes\" style=\"margin-top:0px;margin-bottom:20px;\"><div class=\"fusion-column-wrapper\" style=\"padding:25px 20px 0px 0px;\"><div style=\"text-align: left; font-size: 16px;\"><strong>Formamos a su personal<\/strong> en nuestras instalaciones para una mejora continua y espec\u00edfica con el objetivo de resolver cualquier situaci\u00f3n o problema de limpieza.<\/div>\n<div class=\"fusion-clearfix\"><\/div><\/div><\/div><div class=\"fusion-one-sixth fusion-layout-column fusion-spacing-yes\" style=\"margin-top:0px;margin-bottom:20px;\"><div class=\"fusion-column-wrapper\"><div class=\"imageframe-align-center\"><span class=\"fusion-imageframe imageframe-none imageframe-6 hover-type-none\"> <img decoding=\"async\" src=\"http:\/\/ambisist.cat\/wp-content\/uploads\/2016\/02\/iccss-04.png\" alt=\"\" class=\"img-responsive\"\/><\/span><\/div><div class=\"fusion-clearfix\"><\/div><\/div><\/div><div class=\"fusion-one-third fusion-layout-column fusion-column-last fusion-spacing-yes\" style=\"margin-top:0px;margin-bottom:20px;\"><div class=\"fusion-column-wrapper\" style=\"padding:10px 20px 0px 0px;\"><div style=\"text-align: left; font-size: 16px;\"><strong>Servicio Post Venta propio<\/strong>:<br \/>\nReparaci\u00f3n de todas las marcas del mercado, con un gran stock de recambios y un Servicio T\u00e9cnico de 24 horas.<br \/>\nServicio Post Venta de Lavavajillas y Lavander\u00eda.<\/div>\n<div class=\"fusion-clearfix\"><\/div><\/div><\/div><div class=\"fusion-clearfix\"><\/div><div class=\"fusion-one-sixth fusion-layout-column fusion-spacing-yes\" style=\"margin-top:0px;margin-bottom:20px;\"><div class=\"fusion-column-wrapper\"><div class=\"imageframe-align-center\"><span class=\"fusion-imageframe imageframe-none imageframe-7 hover-type-none\"> <img decoding=\"async\" src=\"http:\/\/ambisist.cat\/wp-content\/uploads\/2016\/02\/iccss-05.png\" alt=\"\" class=\"img-responsive\"\/><\/span><\/div><div class=\"fusion-clearfix\"><\/div><\/div><\/div><div class=\"fusion-one-third fusion-layout-column fusion-spacing-yes\" style=\"margin-top:0px;margin-bottom:20px;\"><div class=\"fusion-column-wrapper\" style=\"padding:40px 20px 0px 0px;\"><div style=\"text-align: left; font-size: 16px;\">\n<p><strong>Contamos con la normativa ISO 9001<\/strong>, para dar valor a\u00f1adido y un plus de calidad<\/p>\n<\/div>\n<div class=\"fusion-clearfix\"><\/div><\/div><\/div><div class=\"fusion-one-sixth fusion-layout-column fusion-spacing-yes\" style=\"margin-top:0px;margin-bottom:20px;\"><div class=\"fusion-column-wrapper\"><div class=\"imageframe-align-center\"><span class=\"fusion-imageframe imageframe-none imageframe-8 hover-type-none\"> <img decoding=\"async\" src=\"http:\/\/ambisist.cat\/wp-content\/uploads\/2016\/02\/cart_ambi.png\" alt=\"\" class=\"img-responsive\"\/><\/span><\/div><div class=\"fusion-clearfix\"><\/div><\/div><\/div><div class=\"fusion-one-third fusion-layout-column fusion-column-last fusion-spacing-yes\" style=\"margin-top:0px;margin-bottom:20px;\"><div class=\"fusion-column-wrapper\" style=\"padding:30px 0px 0px 0px;\"><div style=\"text-align: left; font-size: 16px;\"><strong>Pide online<\/strong> cualquiera de nuestros productos.. R\u00e1pido, f\u00e1cil y disponible las 24 horas del d\u00eda, 365 d\u00edas al a\u00f1o.<\/div>\n<div class=\"fusion-clearfix\"><\/div><\/div><\/div><div class=\"fusion-clearfix\"><\/div><\/div><\/div><div class=\"fusion-fullwidth fullwidth-box fusion-fullwidth-2  fusion-parallax-none nonhundred-percent-fullwidth mapa-cobertura\" style=\"border-color:#eae9e9;border-bottom-width: 0px;border-top-width: 0px;border-bottom-style: solid;border-top-style: solid;padding-bottom:0px;padding-top:20px;padding-left:;padding-right:;\"><style type=\"text\/css\" scoped=\"scoped\">.fusion-fullwidth-2 {\n                            padding-left: px !important;\n                            padding-right: px !important;\n                        }<\/style><div class=\"fusion-row\"><div class=\"fusion-title title fusion-title-size-two\" style=\"margin-top:0px;margin-bottom:0px;\"><h2 class=\"title-heading-left\">Mapa de cobertura<br \/>\n<span style=\"font-size: 15px;\">Ofrecemos nuestros servicios a todo Catalu\u00f1a<\/span><\/h2><div class=\"title-sep-container\"><div class=\"title-sep sep-double\" style=\"border-color:#e5e5e5;\"><\/div><\/div><\/div><\/div><\/div><div class=\"imageframe-align-center\"><span class=\"fusion-imageframe imageframe-none imageframe-9 hover-type-none\"> <img decoding=\"async\" src=\"http:\/\/ambisist.cat\/wp-content\/uploads\/2016\/02\/map2.png\" alt=\"\" class=\"img-responsive\"\/><\/span><\/div>\n","protected":false},"excerpt":{"rendered":"","protected":false},"author":1,"featured_media":0,"parent":0,"menu_order":0,"comment_status":"closed","ping_status":"closed","template":"100-width.php","meta":{"footnotes":""},"class_list":["post-1538","page","type-page","status-publish","hentry"],"yoast_head":"<!-- This site is optimized with the Yoast SEO plugin v27.3 - https:\/\/yoast.com\/product\/yoast-seo-wordpress\/ -->\n<title>Nuestros servicios de limpieza - Ambisist<\/title>\n<meta name=\"description\" content=\"Planes de limpieza personalizados, cat\u00e1logo de referencias, formaci\u00f3n de personal, entrega de mercanc\u00edas, alquiler, servicio post venta y tienda virtual.\" \/>\n<meta name=\"robots\" content=\"index, follow, max-snippet:-1, max-image-preview:large, max-video-preview:-1\" \/>\n<link rel=\"canonical\" href=\"https:\/\/www.ambisist.cat\/es\/servicios\/\" \/>\n<meta property=\"og:locale\" content=\"es_ES\" \/>\n<meta property=\"og:type\" content=\"article\" \/>\n<meta property=\"og:title\" content=\"Nuestros servicios de limpieza - Ambisist\" \/>\n<meta property=\"og:description\" content=\"Planes de limpieza personalizados, cat\u00e1logo de referencias, formaci\u00f3n de personal, entrega de mercanc\u00edas, alquiler, servicio post venta y tienda virtual.\" \/>\n<meta property=\"og:url\" content=\"https:\/\/www.ambisist.cat\/es\/servicios\/\" \/>\n<meta property=\"og:site_name\" content=\"Ambisist\" \/>\n<meta property=\"article:modified_time\" content=\"2021-06-16T11:42:48+00:00\" \/>\n<meta property=\"og:image\" content=\"http:\/\/ambisist.cat\/wp-content\/uploads\/2016\/02\/iccss-02.png\" \/>\n<meta name=\"twitter:card\" content=\"summary_large_image\" \/>\n<meta name=\"twitter:label1\" content=\"Tiempo de lectura\" \/>\n\t<meta name=\"twitter:data1\" content=\"9 minutos\" \/>\n<script type=\"application\/ld+json\" class=\"yoast-schema-graph\">{\"@context\":\"https:\\\/\\\/schema.org\",\"@graph\":[{\"@type\":\"WebPage\",\"@id\":\"https:\\\/\\\/www.ambisist.cat\\\/es\\\/servicios\\\/\",\"url\":\"https:\\\/\\\/www.ambisist.cat\\\/es\\\/servicios\\\/\",\"name\":\"Nuestros servicios de limpieza - Ambisist\",\"isPartOf\":{\"@id\":\"https:\\\/\\\/www.ambisist.cat\\\/#website\"},\"primaryImageOfPage\":{\"@id\":\"https:\\\/\\\/www.ambisist.cat\\\/es\\\/servicios\\\/#primaryimage\"},\"image\":{\"@id\":\"https:\\\/\\\/www.ambisist.cat\\\/es\\\/servicios\\\/#primaryimage\"},\"thumbnailUrl\":\"http:\\\/\\\/ambisist.cat\\\/wp-content\\\/uploads\\\/2016\\\/02\\\/iccss-02.png\",\"datePublished\":\"2016-02-10T00:05:15+00:00\",\"dateModified\":\"2021-06-16T11:42:48+00:00\",\"description\":\"Planes de limpieza personalizados, cat\u00e1logo de referencias, formaci\u00f3n de personal, entrega de mercanc\u00edas, alquiler, servicio post venta y tienda virtual.\",\"breadcrumb\":{\"@id\":\"https:\\\/\\\/www.ambisist.cat\\\/es\\\/servicios\\\/#breadcrumb\"},\"inLanguage\":\"es\",\"potentialAction\":[{\"@type\":\"ReadAction\",\"target\":[\"https:\\\/\\\/www.ambisist.cat\\\/es\\\/servicios\\\/\"]}]},{\"@type\":\"ImageObject\",\"inLanguage\":\"es\",\"@id\":\"https:\\\/\\\/www.ambisist.cat\\\/es\\\/servicios\\\/#primaryimage\",\"url\":\"http:\\\/\\\/ambisist.cat\\\/wp-content\\\/uploads\\\/2016\\\/02\\\/iccss-02.png\",\"contentUrl\":\"http:\\\/\\\/ambisist.cat\\\/wp-content\\\/uploads\\\/2016\\\/02\\\/iccss-02.png\"},{\"@type\":\"BreadcrumbList\",\"@id\":\"https:\\\/\\\/www.ambisist.cat\\\/es\\\/servicios\\\/#breadcrumb\",\"itemListElement\":[{\"@type\":\"ListItem\",\"position\":1,\"name\":\"Portada\",\"item\":\"https:\\\/\\\/www.ambisist.cat\\\/es\\\/\"},{\"@type\":\"ListItem\",\"position\":2,\"name\":\"Servicios\"}]},{\"@type\":\"WebSite\",\"@id\":\"https:\\\/\\\/www.ambisist.cat\\\/#website\",\"url\":\"https:\\\/\\\/www.ambisist.cat\\\/\",\"name\":\"Ambisist\",\"description\":\"Productes i maquin\u00e0ria de netaja\",\"potentialAction\":[{\"@type\":\"SearchAction\",\"target\":{\"@type\":\"EntryPoint\",\"urlTemplate\":\"https:\\\/\\\/www.ambisist.cat\\\/?s={search_term_string}\"},\"query-input\":{\"@type\":\"PropertyValueSpecification\",\"valueRequired\":true,\"valueName\":\"search_term_string\"}}],\"inLanguage\":\"es\"}]}<\/script>\n<!-- \/ Yoast SEO plugin. -->","yoast_head_json":{"title":"Nuestros servicios de limpieza - Ambisist","description":"Planes de limpieza personalizados, cat\u00e1logo de referencias, formaci\u00f3n de personal, entrega de mercanc\u00edas, alquiler, servicio post venta y tienda virtual.","robots":{"index":"index","follow":"follow","max-snippet":"max-snippet:-1","max-image-preview":"max-image-preview:large","max-video-preview":"max-video-preview:-1"},"canonical":"https:\/\/www.ambisist.cat\/es\/servicios\/","og_locale":"es_ES","og_type":"article","og_title":"Nuestros servicios de limpieza - Ambisist","og_description":"Planes de limpieza personalizados, cat\u00e1logo de referencias, formaci\u00f3n de personal, entrega de mercanc\u00edas, alquiler, servicio post venta y tienda virtual.","og_url":"https:\/\/www.ambisist.cat\/es\/servicios\/","og_site_name":"Ambisist","article_modified_time":"2021-06-16T11:42:48+00:00","og_image":[{"url":"http:\/\/ambisist.cat\/wp-content\/uploads\/2016\/02\/iccss-02.png","type":"","width":"","height":""}],"twitter_card":"summary_large_image","twitter_misc":{"Tiempo de lectura":"9 minutos"},"schema":{"@context":"https:\/\/schema.org","@graph":[{"@type":"WebPage","@id":"https:\/\/www.ambisist.cat\/es\/servicios\/","url":"https:\/\/www.ambisist.cat\/es\/servicios\/","name":"Nuestros servicios de limpieza - Ambisist","isPartOf":{"@id":"https:\/\/www.ambisist.cat\/#website"},"primaryImageOfPage":{"@id":"https:\/\/www.ambisist.cat\/es\/servicios\/#primaryimage"},"image":{"@id":"https:\/\/www.ambisist.cat\/es\/servicios\/#primaryimage"},"thumbnailUrl":"http:\/\/ambisist.cat\/wp-content\/uploads\/2016\/02\/iccss-02.png","datePublished":"2016-02-10T00:05:15+00:00","dateModified":"2021-06-16T11:42:48+00:00","description":"Planes de limpieza personalizados, cat\u00e1logo de referencias, formaci\u00f3n de personal, entrega de mercanc\u00edas, alquiler, servicio post venta y tienda virtual.","breadcrumb":{"@id":"https:\/\/www.ambisist.cat\/es\/servicios\/#breadcrumb"},"inLanguage":"es","potentialAction":[{"@type":"ReadAction","target":["https:\/\/www.ambisist.cat\/es\/servicios\/"]}]},{"@type":"ImageObject","inLanguage":"es","@id":"https:\/\/www.ambisist.cat\/es\/servicios\/#primaryimage","url":"http:\/\/ambisist.cat\/wp-content\/uploads\/2016\/02\/iccss-02.png","contentUrl":"http:\/\/ambisist.cat\/wp-content\/uploads\/2016\/02\/iccss-02.png"},{"@type":"BreadcrumbList","@id":"https:\/\/www.ambisist.cat\/es\/servicios\/#breadcrumb","itemListElement":[{"@type":"ListItem","position":1,"name":"Portada","item":"https:\/\/www.ambisist.cat\/es\/"},{"@type":"ListItem","position":2,"name":"Servicios"}]},{"@type":"WebSite","@id":"https:\/\/www.ambisist.cat\/#website","url":"https:\/\/www.ambisist.cat\/","name":"Ambisist","description":"Productes i maquin\u00e0ria de netaja","potentialAction":[{"@type":"SearchAction","target":{"@type":"EntryPoint","urlTemplate":"https:\/\/www.ambisist.cat\/?s={search_term_string}"},"query-input":{"@type":"PropertyValueSpecification","valueRequired":true,"valueName":"search_term_string"}}],"inLanguage":"es"}]}},"_links":{"self":[{"href":"https:\/\/www.ambisist.cat\/es\/wp-json\/wp\/v2\/pages\/1538","targetHints":{"allow":["GET"]}}],"collection":[{"href":"https:\/\/www.ambisist.cat\/es\/wp-json\/wp\/v2\/pages"}],"about":[{"href":"https:\/\/www.ambisist.cat\/es\/wp-json\/wp\/v2\/types\/page"}],"author":[{"embeddable":true,"href":"https:\/\/www.ambisist.cat\/es\/wp-json\/wp\/v2\/users\/1"}],"replies":[{"embeddable":true,"href":"https:\/\/www.ambisist.cat\/es\/wp-json\/wp\/v2\/comments?post=1538"}],"version-history":[{"count":6,"href":"https:\/\/www.ambisist.cat\/es\/wp-json\/wp\/v2\/pages\/1538\/revisions"}],"predecessor-version":[{"id":4745,"href":"https:\/\/www.ambisist.cat\/es\/wp-json\/wp\/v2\/pages\/1538\/revisions\/4745"}],"wp:attachment":[{"href":"https:\/\/www.ambisist.cat\/es\/wp-json\/wp\/v2\/media?parent=1538"}],"curies":[{"name":"wp","href":"https:\/\/api.w.org\/{rel}","templated":true}]}}