{"id":1523,"date":"2016-02-14T19:31:47","date_gmt":"2016-02-14T18:31:47","guid":{"rendered":"http:\/\/www.ambisist.cat\/es\/maquinaria\/"},"modified":"2016-10-05T16:54:12","modified_gmt":"2016-10-05T14:54:12","slug":"maquinaria","status":"publish","type":"page","link":"https:\/\/www.ambisist.cat\/es\/maquinaria\/","title":{"rendered":"Maquinaria"},"content":{"rendered":"<div class=\"fusion-fullwidth fullwidth-box fusion-fullwidth-1  fusion-parallax-none nonhundred-percent-fullwidth altura_maquinaria\" style=\"border-color:#005089;border-bottom-width: 4px;border-top-width: 4px;border-bottom-style: solid;border-top-style: solid;padding-bottom:0px;padding-top:0px;padding-left:0px;padding-right:0px;background-position:left top;background-repeat:no-repeat;-webkit-background-size:cover;-moz-background-size:cover;-o-background-size:cover;background-size:cover;-ms-filter: &quot;progid:DXImageTransform.Microsoft.AlphaImageLoader(src=&#039;http:\/\/ambisist.cat\/wp-content\/uploads\/2016\/02\/nilfisk.jpg&#039;, sizingMethod=&#039;scale&#039;)&quot;;background-image: url(http:\/\/ambisist.cat\/wp-content\/uploads\/2016\/02\/nilfisk.jpg);\"><style type=\"text\/css\" scoped=\"scoped\">.fusion-fullwidth-1 {\n                            padding-left: 0px !important;\n                            padding-right: 0px !important;\n                        }<\/style><div class=\"fusion-row\"><div class=\"fusion-three-fifth fusion-layout-column fusion-spacing-yes\" style=\"margin-top:0px;margin-bottom:20px;\"><div class=\"fusion-column-wrapper\"><div class=\"fusion-clearfix\"><\/div><\/div><\/div><div class=\"fusion-two-fifth fusion-layout-column fusion-column-last fusion-spacing-yes\" style=\"margin-top:0px;margin-bottom:20px;\"><div class=\"fusion-column-wrapper\"><h1 style=\"margin-top: 50px;\">Disponemos de todo tipo de maquinaria de limpieza y recambios.<\/h1>\n<h2>Fregadoras, Barredoras, maquinas a presi\u00f3n, etc.<\/h2>\n<p><img loading=\"lazy\" decoding=\"async\" class=\"alignright size-full wp-image-1404\" src=\"http:\/\/www.ambisist.cat\/wp-content\/uploads\/2016\/01\/nil.png\" alt=\"nilfisk\" width=\"292\" height=\"117\" \/><\/p>\n<div class=\"fusion-clearfix\"><\/div><\/div><\/div><div class=\"fusion-clearfix\"><\/div><\/div><\/div><div class=\"fusion-sep-clear\"><\/div><div class=\"fusion-separator fusion-full-width-sep sep-none\" style=\"border-color:#e0dede;margin-left: auto;margin-right: auto;margin-top:10px;margin-bottom:10px;\"><\/div><div class=\"fusion-fullwidth fullwidth-box fusion-fullwidth-2  fusion-parallax-none nonhundred-percent-fullwidth altura_maquinaria\" style=\"border-color:#005089;border-bottom-width: 4px;border-top-width: 4px;border-bottom-style: solid;border-top-style: solid;padding-bottom:0px;padding-top:0px;padding-left:0px;padding-right:0px;background-position:left top;background-repeat:no-repeat;-webkit-background-size:cover;-moz-background-size:cover;-o-background-size:cover;background-size:cover;-ms-filter: &quot;progid:DXImageTransform.Microsoft.AlphaImageLoader(src=&#039;http:\/\/ambisist.cat\/wp-content\/uploads\/2016\/02\/sat-1.jpg&#039;, sizingMethod=&#039;scale&#039;)&quot;;background-image: url(http:\/\/ambisist.cat\/wp-content\/uploads\/2016\/02\/sat-1.jpg);\"><style type=\"text\/css\" scoped=\"scoped\">.fusion-fullwidth-2 {\n                            padding-left: 0px !important;\n                            padding-right: 0px !important;\n                        }<\/style><div class=\"fusion-row\"><div class=\"fusion-two-fifth fusion-layout-column fusion-spacing-yes\" style=\"margin-top:0px;margin-bottom:20px;\"><div class=\"fusion-column-wrapper\"><h1 style=\"margin-top: 50px;\">Servicio T\u00e9cnico 24 horas\/365 d\u00edas<\/h1>\n<h2>Reparamos cualquier marca del mercado<\/h2>\n<div class=\"fusion-clearfix\"><\/div><\/div><\/div><div class=\"fusion-three-fifth fusion-layout-column fusion-column-last fusion-spacing-yes\" style=\"margin-top:0px;margin-bottom:20px;\"><div class=\"fusion-column-wrapper\"><div class=\"fusion-clearfix\"><\/div><\/div><\/div><div class=\"fusion-clearfix\"><\/div><\/div><\/div><div class=\"fusion-sep-clear\"><\/div><div class=\"fusion-separator fusion-full-width-sep sep-none\" style=\"border-color:#e0dede;margin-left: auto;margin-right: auto;margin-top:10px;margin-bottom:10px;\"><\/div><div class=\"fusion-fullwidth fullwidth-box fusion-fullwidth-3  fusion-parallax-none nonhundred-percent-fullwidth altura_maquinaria\" style=\"border-color:#005089;border-bottom-width: 4px;border-top-width: 4px;border-bottom-style: solid;border-top-style: solid;padding-bottom:0px;padding-top:0px;padding-left:0px;padding-right:0px;background-position:left top;background-repeat:no-repeat;-webkit-background-size:cover;-moz-background-size:cover;-o-background-size:cover;background-size:cover;-ms-filter: &quot;progid:DXImageTransform.Microsoft.AlphaImageLoader(src=&#039;http:\/\/ambisist.cat\/wp-content\/uploads\/2016\/02\/ambi-rent.jpg&#039;, sizingMethod=&#039;scale&#039;)&quot;;background-image: url(http:\/\/ambisist.cat\/wp-content\/uploads\/2016\/02\/ambi-rent.jpg);\"><style type=\"text\/css\" scoped=\"scoped\">.fusion-fullwidth-3 {\n                            padding-left: 0px !important;\n                            padding-right: 0px !important;\n                        }<\/style><div class=\"fusion-row\"><div class=\"fusion-three-fifth fusion-layout-column fusion-spacing-yes\" style=\"margin-top:0px;margin-bottom:20px;\"><div class=\"fusion-column-wrapper\"><div class=\"fusion-clearfix\"><\/div><\/div><\/div><div class=\"fusion-two-fifth fusion-layout-column fusion-column-last fusion-spacing-yes\" style=\"margin-top:0px;margin-bottom:20px;\"><div class=\"fusion-column-wrapper\"><h1 style=\"margin-top: 50px;\">Alquiler de maquinaria de Limpieza.<\/h1>\n<h2>Ambi-Rent: alquiler a largo plazo de todo tipo de maquinaria de limpieza<\/h2>\n<div class=\"fusion-clearfix\"><\/div><\/div><\/div><div class=\"fusion-clearfix\"><\/div><\/div><\/div>\n","protected":false},"excerpt":{"rendered":"","protected":false},"author":1,"featured_media":0,"parent":0,"menu_order":0,"comment_status":"closed","ping_status":"closed","template":"","meta":{"footnotes":""},"class_list":["post-1523","page","type-page","status-publish","hentry"],"yoast_head":"<!-- This site is optimized with the Yoast SEO plugin v27.3 - https:\/\/yoast.com\/product\/yoast-seo-wordpress\/ -->\n<title>Maquinaria de limpieza y recambios - Ambisist<\/title>\n<meta name=\"description\" content=\"Disponemos de todo tipo de maquinaria de limpieza y recambios como fregadoras, barredoras, m\u00e1quinas a presi\u00f3n, etc. Servicio t\u00e9cnico 24 horas\/365 d\u00edas.\" \/>\n<meta name=\"robots\" content=\"index, follow, max-snippet:-1, max-image-preview:large, max-video-preview:-1\" \/>\n<link rel=\"canonical\" href=\"https:\/\/www.ambisist.cat\/es\/maquinaria\/\" \/>\n<meta property=\"og:locale\" content=\"es_ES\" \/>\n<meta property=\"og:type\" content=\"article\" \/>\n<meta property=\"og:title\" content=\"Maquinaria de limpieza y recambios - Ambisist\" \/>\n<meta property=\"og:description\" content=\"Disponemos de todo tipo de maquinaria de limpieza y recambios como fregadoras, barredoras, m\u00e1quinas a presi\u00f3n, etc. Servicio t\u00e9cnico 24 horas\/365 d\u00edas.\" \/>\n<meta property=\"og:url\" content=\"https:\/\/www.ambisist.cat\/es\/maquinaria\/\" \/>\n<meta property=\"og:site_name\" content=\"Ambisist\" \/>\n<meta property=\"article:modified_time\" content=\"2016-10-05T14:54:12+00:00\" \/>\n<meta property=\"og:image\" content=\"http:\/\/www.ambisist.cat\/wp-content\/uploads\/2016\/01\/nil.png\" \/>\n<meta name=\"twitter:card\" content=\"summary_large_image\" \/>\n<meta name=\"twitter:label1\" content=\"Tiempo de lectura\" \/>\n\t<meta name=\"twitter:data1\" content=\"4 minutos\" \/>\n<script type=\"application\/ld+json\" class=\"yoast-schema-graph\">{\"@context\":\"https:\\\/\\\/schema.org\",\"@graph\":[{\"@type\":\"WebPage\",\"@id\":\"https:\\\/\\\/www.ambisist.cat\\\/es\\\/maquinaria\\\/\",\"url\":\"https:\\\/\\\/www.ambisist.cat\\\/es\\\/maquinaria\\\/\",\"name\":\"Maquinaria de limpieza y recambios - Ambisist\",\"isPartOf\":{\"@id\":\"https:\\\/\\\/www.ambisist.cat\\\/#website\"},\"primaryImageOfPage\":{\"@id\":\"https:\\\/\\\/www.ambisist.cat\\\/es\\\/maquinaria\\\/#primaryimage\"},\"image\":{\"@id\":\"https:\\\/\\\/www.ambisist.cat\\\/es\\\/maquinaria\\\/#primaryimage\"},\"thumbnailUrl\":\"http:\\\/\\\/www.ambisist.cat\\\/wp-content\\\/uploads\\\/2016\\\/01\\\/nil.png\",\"datePublished\":\"2016-02-14T18:31:47+00:00\",\"dateModified\":\"2016-10-05T14:54:12+00:00\",\"description\":\"Disponemos de todo tipo de maquinaria de limpieza y recambios como fregadoras, barredoras, m\u00e1quinas a presi\u00f3n, etc. Servicio t\u00e9cnico 24 horas\\\/365 d\u00edas.\",\"breadcrumb\":{\"@id\":\"https:\\\/\\\/www.ambisist.cat\\\/es\\\/maquinaria\\\/#breadcrumb\"},\"inLanguage\":\"es\",\"potentialAction\":[{\"@type\":\"ReadAction\",\"target\":[\"https:\\\/\\\/www.ambisist.cat\\\/es\\\/maquinaria\\\/\"]}]},{\"@type\":\"ImageObject\",\"inLanguage\":\"es\",\"@id\":\"https:\\\/\\\/www.ambisist.cat\\\/es\\\/maquinaria\\\/#primaryimage\",\"url\":\"http:\\\/\\\/www.ambisist.cat\\\/wp-content\\\/uploads\\\/2016\\\/01\\\/nil.png\",\"contentUrl\":\"http:\\\/\\\/www.ambisist.cat\\\/wp-content\\\/uploads\\\/2016\\\/01\\\/nil.png\"},{\"@type\":\"BreadcrumbList\",\"@id\":\"https:\\\/\\\/www.ambisist.cat\\\/es\\\/maquinaria\\\/#breadcrumb\",\"itemListElement\":[{\"@type\":\"ListItem\",\"position\":1,\"name\":\"Portada\",\"item\":\"https:\\\/\\\/www.ambisist.cat\\\/es\\\/\"},{\"@type\":\"ListItem\",\"position\":2,\"name\":\"Maquinaria\"}]},{\"@type\":\"WebSite\",\"@id\":\"https:\\\/\\\/www.ambisist.cat\\\/#website\",\"url\":\"https:\\\/\\\/www.ambisist.cat\\\/\",\"name\":\"Ambisist\",\"description\":\"Productes i maquin\u00e0ria de netaja\",\"potentialAction\":[{\"@type\":\"SearchAction\",\"target\":{\"@type\":\"EntryPoint\",\"urlTemplate\":\"https:\\\/\\\/www.ambisist.cat\\\/?s={search_term_string}\"},\"query-input\":{\"@type\":\"PropertyValueSpecification\",\"valueRequired\":true,\"valueName\":\"search_term_string\"}}],\"inLanguage\":\"es\"}]}<\/script>\n<!-- \/ Yoast SEO plugin. -->","yoast_head_json":{"title":"Maquinaria de limpieza y recambios - Ambisist","description":"Disponemos de todo tipo de maquinaria de limpieza y recambios como fregadoras, barredoras, m\u00e1quinas a presi\u00f3n, etc. Servicio t\u00e9cnico 24 horas\/365 d\u00edas.","robots":{"index":"index","follow":"follow","max-snippet":"max-snippet:-1","max-image-preview":"max-image-preview:large","max-video-preview":"max-video-preview:-1"},"canonical":"https:\/\/www.ambisist.cat\/es\/maquinaria\/","og_locale":"es_ES","og_type":"article","og_title":"Maquinaria de limpieza y recambios - Ambisist","og_description":"Disponemos de todo tipo de maquinaria de limpieza y recambios como fregadoras, barredoras, m\u00e1quinas a presi\u00f3n, etc. Servicio t\u00e9cnico 24 horas\/365 d\u00edas.","og_url":"https:\/\/www.ambisist.cat\/es\/maquinaria\/","og_site_name":"Ambisist","article_modified_time":"2016-10-05T14:54:12+00:00","og_image":[{"url":"http:\/\/www.ambisist.cat\/wp-content\/uploads\/2016\/01\/nil.png","type":"","width":"","height":""}],"twitter_card":"summary_large_image","twitter_misc":{"Tiempo de lectura":"4 minutos"},"schema":{"@context":"https:\/\/schema.org","@graph":[{"@type":"WebPage","@id":"https:\/\/www.ambisist.cat\/es\/maquinaria\/","url":"https:\/\/www.ambisist.cat\/es\/maquinaria\/","name":"Maquinaria de limpieza y recambios - Ambisist","isPartOf":{"@id":"https:\/\/www.ambisist.cat\/#website"},"primaryImageOfPage":{"@id":"https:\/\/www.ambisist.cat\/es\/maquinaria\/#primaryimage"},"image":{"@id":"https:\/\/www.ambisist.cat\/es\/maquinaria\/#primaryimage"},"thumbnailUrl":"http:\/\/www.ambisist.cat\/wp-content\/uploads\/2016\/01\/nil.png","datePublished":"2016-02-14T18:31:47+00:00","dateModified":"2016-10-05T14:54:12+00:00","description":"Disponemos de todo tipo de maquinaria de limpieza y recambios como fregadoras, barredoras, m\u00e1quinas a presi\u00f3n, etc. Servicio t\u00e9cnico 24 horas\/365 d\u00edas.","breadcrumb":{"@id":"https:\/\/www.ambisist.cat\/es\/maquinaria\/#breadcrumb"},"inLanguage":"es","potentialAction":[{"@type":"ReadAction","target":["https:\/\/www.ambisist.cat\/es\/maquinaria\/"]}]},{"@type":"ImageObject","inLanguage":"es","@id":"https:\/\/www.ambisist.cat\/es\/maquinaria\/#primaryimage","url":"http:\/\/www.ambisist.cat\/wp-content\/uploads\/2016\/01\/nil.png","contentUrl":"http:\/\/www.ambisist.cat\/wp-content\/uploads\/2016\/01\/nil.png"},{"@type":"BreadcrumbList","@id":"https:\/\/www.ambisist.cat\/es\/maquinaria\/#breadcrumb","itemListElement":[{"@type":"ListItem","position":1,"name":"Portada","item":"https:\/\/www.ambisist.cat\/es\/"},{"@type":"ListItem","position":2,"name":"Maquinaria"}]},{"@type":"WebSite","@id":"https:\/\/www.ambisist.cat\/#website","url":"https:\/\/www.ambisist.cat\/","name":"Ambisist","description":"Productes i maquin\u00e0ria de netaja","potentialAction":[{"@type":"SearchAction","target":{"@type":"EntryPoint","urlTemplate":"https:\/\/www.ambisist.cat\/?s={search_term_string}"},"query-input":{"@type":"PropertyValueSpecification","valueRequired":true,"valueName":"search_term_string"}}],"inLanguage":"es"}]}},"_links":{"self":[{"href":"https:\/\/www.ambisist.cat\/es\/wp-json\/wp\/v2\/pages\/1523","targetHints":{"allow":["GET"]}}],"collection":[{"href":"https:\/\/www.ambisist.cat\/es\/wp-json\/wp\/v2\/pages"}],"about":[{"href":"https:\/\/www.ambisist.cat\/es\/wp-json\/wp\/v2\/types\/page"}],"author":[{"embeddable":true,"href":"https:\/\/www.ambisist.cat\/es\/wp-json\/wp\/v2\/users\/1"}],"replies":[{"embeddable":true,"href":"https:\/\/www.ambisist.cat\/es\/wp-json\/wp\/v2\/comments?post=1523"}],"version-history":[{"count":5,"href":"https:\/\/www.ambisist.cat\/es\/wp-json\/wp\/v2\/pages\/1523\/revisions"}],"predecessor-version":[{"id":1937,"href":"https:\/\/www.ambisist.cat\/es\/wp-json\/wp\/v2\/pages\/1523\/revisions\/1937"}],"wp:attachment":[{"href":"https:\/\/www.ambisist.cat\/es\/wp-json\/wp\/v2\/media?parent=1523"}],"curies":[{"name":"wp","href":"https:\/\/api.w.org\/{rel}","templated":true}]}}